{"id":478,"date":"2015-12-03T13:24:53","date_gmt":"2015-12-03T13:24:53","guid":{"rendered":"http:\/\/rehn.rhm.fi\/en\/henkilokunta\/"},"modified":"2022-12-29T09:48:20","modified_gmt":"2022-12-29T09:48:20","slug":"personnel","status":"publish","type":"page","link":"https:\/\/rehnco.com\/en\/personnel\/","title":{"rendered":"Personnel"},"content":{"rendered":"\n\n\t<section class=\"section custom-title\" id=\"section_1484901636\">\n\t\t<div class=\"section-bg fill\" >\n\t\t\t\t\t\t\t\t\t\n\t\t\t\n\n\t\t<\/div>\n\n\t\t\n\n\t\t<div class=\"section-content relative\">\n\t\t\t\n\n<div class=\"row\"  id=\"row-2033809479\">\n\n\n\t<div id=\"col-900064088\" class=\"col small-12 large-12\"  >\n\t\t\t\t<div class=\"col-inner text-center\"  >\n\t\t\t\n\t\t\t\n\n<h1>Personnel<\/h1>\n\n\t\t<\/div>\n\t\t\t\t\t<\/div>\n\n\t\n\n<\/div>\n\n\t\t<\/div>\n\n\t\t\n<style>\n#section_1484901636 {\n  padding-top: 30px;\n  padding-bottom: 30px;\n}\n<\/style>\n\t<\/section>\n\t\n<span class=\"scroll-to\" data-label=\"Scroll to: #olof-rehn\" data-bullet=\"false\" data-link=\"#olof-rehn\" data-title=\"Change this\"><a name=\"olof-rehn\"><\/a><\/span>\n\n\n\t<section class=\"section\" id=\"section_1379377326\">\n\t\t<div class=\"section-bg fill\" >\n\t\t\t\t\t\t\t\t\t\n\t\t\t\n\n\t\t<\/div>\n\n\t\t\n\n\t\t<div class=\"section-content relative\">\n\t\t\t\n\n<div class=\"row user-list-item\"  id=\"row-905164785\">\n\n\n\t<div id=\"col-265569688\" class=\"col medium-4 small-12 large-4\"  >\n\t\t\t\t<div class=\"col-inner\"  >\n\t\t\t\n\t\t\t\n\n\t<div class=\"box has-hover   has-hover box-text-bottom\" >\n\n\t\t<div class=\"box-image\" >\n\t\t\t\t\t\t<div class=\"\" >\n\t\t\t\t<img loading=\"lazy\" decoding=\"async\" width=\"800\" height=\"598\" src=\"https:\/\/rehnco.com\/wp-content\/uploads\/2015\/10\/olof_portrait.jpg\" class=\"attachment- size-\" alt=\"\" srcset=\"https:\/\/rehnco.com\/wp-content\/uploads\/2015\/10\/olof_portrait.jpg 800w, https:\/\/rehnco.com\/wp-content\/uploads\/2015\/10\/olof_portrait-300x224.jpg 300w, https:\/\/rehnco.com\/wp-content\/uploads\/2015\/10\/olof_portrait-768x574.jpg 768w\" sizes=\"auto, (max-width: 800px) 100vw, 800px\" \/>\t\t\t\t\t\t\t\t\t\t\t<\/div>\n\t\t\t\t\t<\/div>\n\n\t\t<div class=\"box-text text-left\" >\n\t\t\t<div class=\"box-text-inner\">\n\t\t\t\t\n\n<p>+358 (0)9 6689 650<\/p>\n<p><i class=\"fa fa-envelope-o\"><\/i><a href=\"mailto:etunimi.sukunimi@rehnco.com\">firstname.lastname@rehnco.com<\/a><\/p>\n\n\t\t\t<\/div>\n\t\t<\/div>\n\t<\/div>\n\t\n\n\t\t<\/div>\n\t\t\t\t\t<\/div>\n\n\t\n\n\t<div id=\"col-1891819633\" class=\"col medium-8 small-12 large-8\"  >\n\t\t\t\t<div class=\"col-inner\"  >\n\t\t\t\n\t\t\t\n\n<div id=\"ultimate-heading-35515ca3558cc6479\" class=\"uvc-heading ult-adjust-bottom-margin ultimate-heading-35515ca3558cc6479 uvc-5879 \" data-halign=\"left\" data-hspacer=\"no_spacer\">\n<div class=\"uvc-main-heading ult-responsive\" data-responsive-json-new=\"{&quot;font-size&quot;:&quot;desktop:36px;&quot;,&quot;line-height&quot;:&quot;&quot;}\" data-ultimate-target=\".uvc-heading.ultimate-heading-35515ca3558cc6479 h2\">\n<div id=\"ultimate-heading-8115ca4453569b80\" class=\"uvc-heading ult-adjust-bottom-margin ultimate-heading-8115ca4453569b80 uvc-5362 \" data-halign=\"left\" data-hspacer=\"no_spacer\">\n<div class=\"uvc-main-heading ult-responsive\" data-responsive-json-new=\"{&quot;font-size&quot;:&quot;desktop:36px;&quot;,&quot;line-height&quot;:&quot;&quot;}\" data-ultimate-target=\".uvc-heading.ultimate-heading-8115ca4453569b80 h2\">\n<h2>Olof Rehn<\/h2>\n<\/div>\n<div class=\"uvc-sub-heading ult-responsive\" data-responsive-json-new=\"{&quot;font-size&quot;:&quot;&quot;,&quot;line-height&quot;:&quot;&quot;}\" data-ultimate-target=\".uvc-heading.ultimate-heading-8115ca4453569b80 .uvc-sub-heading \">Attorney at Law, Partner<\/div>\n<\/div>\n<div class=\"vc_separator wpb_content_element vc_separator_align_center vc_sep_width_100 vc_sep_pos_align_center vc_separator_no_text vc_sep_color_grey\">\u00a0<\/div>\n<div class=\"wpb_text_column wpb_content_element \">\n<div class=\"wpb_wrapper\">\u00a0<\/div>\n<\/div>\n<div class=\"vc_tta-container\" data-vc-action=\"collapseAll\">\n<div class=\"vc_general vc_tta vc_tta-accordion vc_tta-color-grey vc_tta-style-classic vc_tta-shape-square vc_tta-o-shape-group vc_tta-controls-align-left vc_tta-o-no-fill vc_tta-o-all-clickable\">\n<div class=\"vc_tta-panels-container\">\n<div class=\"vc_tta-panels\">\n<div id=\"1454497043678-91288d34-0c47\" class=\"vc_tta-panel\" data-vc-content=\".vc_tta-panel-body\">\n<div class=\"vc_tta-panel-heading\">\n<h4 class=\"vc_tta-panel-title vc_tta-controls-icon-position-left\"><a href=\"http:\/\/rehnco.com\/en\/personnel\/#1454497043678-91288d34-0c47\" data-vc-container=\".vc_tta-container\" data-vc-accordion=\"\"><span class=\"vc_tta-title-text\">Education<\/span><i class=\"vc_tta-controls-icon vc_tta-controls-icon-plus\"><\/i><\/a><\/h4>\n<\/div>\n<div class=\"vc_tta-panel-body\">\n<div class=\"wpb_text_column wpb_content_element \">\n<div class=\"wpb_wrapper\">\n<ul>\n<li>Matriculation Examination Gymnasiet Grankulla Samskola 1980<\/li>\n<li>Master of Laws 1987 University of Helsinki<\/li>\n<li>Master of Laws with court training 1988<\/li>\n<li>Attorney-at-Law 1991<\/li>\n<\/ul>\n<\/div>\n<\/div>\n<div class=\"wpb_text_column wpb_content_element \">\n<div class=\"wpb_wrapper\">\u00a0<\/div>\n<\/div>\n<\/div>\n<\/div>\n<div id=\"1454497043734-f821cf0f-56b5\" class=\"vc_tta-panel\" data-vc-content=\".vc_tta-panel-body\">\n<div class=\"vc_tta-panel-heading\">\n<h4 class=\"vc_tta-panel-title vc_tta-controls-icon-position-left\"><a href=\"http:\/\/rehnco.com\/en\/personnel\/#1454497043734-f821cf0f-56b5\" data-vc-container=\".vc_tta-container\" data-vc-accordion=\"\"><span class=\"vc_tta-title-text\">Language skills<\/span><i class=\"vc_tta-controls-icon vc_tta-controls-icon-plus\"><\/i><\/a><\/h4>\n<\/div>\n<div class=\"vc_tta-panel-body\">\n<div class=\"wpb_text_column wpb_content_element \">\n<div class=\"wpb_wrapper\">\n<p>Swedish: Mother tongue<br \/>Finnish: working language<br \/>English: working language<br \/>German: passably<\/p>\n<\/div>\n<\/div>\n<\/div>\n<\/div>\n<div id=\"1454497155260-39d129d0-e748\" class=\"vc_tta-panel\" data-vc-content=\".vc_tta-panel-body\">\n<div class=\"vc_tta-panel-heading\">\n<h4 class=\"vc_tta-panel-title vc_tta-controls-icon-position-left\"><a href=\"http:\/\/rehnco.com\/en\/personnel\/#1454497155260-39d129d0-e748\" data-vc-container=\".vc_tta-container\" data-vc-accordion=\"\"><span class=\"vc_tta-title-text\">Work experience<\/span><i class=\"vc_tta-controls-icon vc_tta-controls-icon-plus\"><\/i><\/a><\/h4>\n<\/div>\n<div class=\"vc_tta-panel-body\">\n<div class=\"wpb_text_column wpb_content_element \">\n<div class=\"wpb_wrapper\">\n<ul>\n<li>Court training 1987-1988 Paraisten tuomiokunta<\/li>\n<li>Acting Disrict Judge February-May 1988 Paraisten tuomiokunta<\/li>\n<li>Deputy Judge of the Circuit Court March 1988 Paraisten tuomiokunta<\/li>\n<li>Associate Lawyer in Peltonen, \u00d6rndahl, Ruokonen &amp; It\u00e4inen Attorneys at Law 1988-1992 and Bardy &amp; Bostr\u00f6m Law Office 1992-1993<\/li>\n<li>Partner in Olof Rehn Attorneys at Law, Law Offices of Von Konow &amp; Rehn and Reims &amp; Co Attorneys-at-Law Ltd 1994-2002<\/li>\n<li>Rehn &amp; Co Attorneys at Law, Partner 2002- Positions of responsibility etc.<\/li>\n<li>Juristklubben Codex, Member of the Board 1982<\/li>\n<li>Nylands nation, Chairman of the Board 1983<\/li>\n<li>Student Union of the University of Helsinki, Member of the Board 1983<\/li>\n<li>Espoo Public Legal Aid Offices 1985-1989<\/li>\n<li>The Law Society of Finland, Secretary 1994-1997<\/li>\n<li>Disciplinary Board of the Finnish Bar Association, Vice Member, Member, Vice President 2005-2008<\/li>\n<li>Board of the Finnish Bar Association, Vice Member 2010<\/li>\n<\/ul>\n<\/div>\n<\/div>\n<div class=\"wpb_text_column wpb_content_element \">\n<div class=\"wpb_wrapper\">\u00a0<\/div>\n<\/div>\n<\/div>\n<\/div>\n<div id=\"1454497194839-446e9bad-4529\" class=\"vc_tta-panel\" data-vc-content=\".vc_tta-panel-body\">\n<div class=\"vc_tta-panel-heading\">\n<h4 class=\"vc_tta-panel-title vc_tta-controls-icon-position-left\"><a href=\"http:\/\/rehnco.com\/en\/personnel\/#1454497194839-446e9bad-4529\" data-vc-container=\".vc_tta-container\" data-vc-accordion=\"\"><span class=\"vc_tta-title-text\">Publications<\/span><i class=\"vc_tta-controls-icon vc_tta-controls-icon-plus\"><\/i><\/a><\/h4>\n<\/div>\n<div class=\"vc_tta-panel-body\">\n<div class=\"wpb_text_column wpb_content_element \">\n<div class=\"wpb_wrapper\">\n<p>\u2212 L\u00e4kemedelsskador och sk\u00e4liga biverkningar. JFT 6\/1987, s. 513-539<br \/>\u2212 \u00c4r skyddet f\u00f6r k\u00f6paren inom handeln med bilar p\u00e5 avbetalning reglerat p\u00e5 ett tillfreds\u00acst\u00e4llande s\u00e4tt, s\u00e4rskilt i f\u00f6rh\u00e5llande till finansieringsbolaget? JFT 1\/1994, s. 68-77<\/p>\n<\/div>\n<\/div>\n<\/div>\n<\/div>\n<div id=\"1454497232939-b2b7e616-129e\" class=\"vc_tta-panel\" data-vc-content=\".vc_tta-panel-body\">\n<div class=\"vc_tta-panel-heading\">\n<h4 class=\"vc_tta-panel-title vc_tta-controls-icon-position-left\"><a href=\"http:\/\/rehnco.com\/en\/personnel\/#1454497232939-b2b7e616-129e\" data-vc-container=\".vc_tta-container\" data-vc-accordion=\"\"><span class=\"vc_tta-title-text\">Hand books<\/span><i class=\"vc_tta-controls-icon vc_tta-controls-icon-plus\"><\/i><\/a><\/h4>\n<\/div>\n<div class=\"vc_tta-panel-body\">\n<div class=\"wpb_text_column wpb_content_element \">\n<div class=\"wpb_wrapper\">\n<p>\u2212 Handbok i vardagsjuridik. Schildts 1998 (toinen painos Thomas Forssin kanssa)<br \/>\u2212 Arv, g\u00e5va och skatt. Schildts 2008 \u2212 Perint\u00f6, lahja ja verotus. Schildts 2008<\/p>\n<\/div>\n<\/div>\n<\/div>\n<\/div>\n<div id=\"1538128329996-92d040eb-9f19\" class=\"vc_tta-panel vc_active\" data-vc-content=\".vc_tta-panel-body\">\n<div class=\"vc_tta-panel-heading\">\n<h4 class=\"vc_tta-panel-title vc_tta-controls-icon-position-left\"><a href=\"http:\/\/rehnco.com\/en\/personnel\/#1538128329996-92d040eb-9f19\" data-vc-container=\".vc_tta-container\" data-vc-accordion=\"\"><span class=\"vc_tta-title-text\">Private Wealth Law -Finland<\/span><i class=\"vc_tta-controls-icon vc_tta-controls-icon-plus\"><\/i><\/a><\/h4>\n<\/div>\n<div class=\"vc_tta-panel-body\">\n<div class=\"vc_message_box vc_message_box-standard vc_message_box-rounded vc_color-info\">\n<div class=\"vc_message_box-icon\">\u00a0<\/div>\n<div class=\"organisation-header\">\n<h2 class=\"language-en\" style=\"padding-left: 40px;\">Olof Rehn<\/h2>\n<div class=\"firm-link\" style=\"padding-left: 40px;\">\n<p style=\"padding-left: 40px;\"><a class=\"view-firm\" href=\"https:\/\/www.chambers.com\/profile\/individual\/25750372?publicationTypeId=21\"><span class=\"language-en\">View Profile<\/span>\u00a0<i class=\"fa fa-angle-right\"><\/i><\/a><\/p>\n<div class=\"design-squares\" style=\"padding-left: 40px;\">\n<div class=\"design-squares-inside\" style=\"padding-left: 40px;\">\u00a0<\/div>\n<\/div>\n<\/div>\n<\/div>\n<h3 class=\"lawyerOrg\" style=\"padding-left: 40px;\">Rehn &amp; Co<\/h3>\n<h3 class=\"editorial-guide-header\" style=\"padding-left: 40px;\">From the Chambers HNW guide<\/h3>\n<div class=\"organisation-content\" style=\"padding-left: 40px;\">\n<p class=\"language-en\" style=\"padding-left: 40px;\"><b class=\"editorialPersonLink\">Olof Rehn<\/b>\u00a0of Rehn &amp; Co has broad practice encompassing corporate and civil law. He assists affluent private individual and their families with inheritance and tax planning matters. One peer in the Finnish market says:\u00a0<i>\u201cHe is a well-known practitioner with a profile for taxation and high net worth work. He is a reliable tax lawyer who we refer our clients to, a very reasonable guy with long experience.\u201d<\/i><\/p>\n<p>\u00a0<\/p>\n<\/div>\n<\/div>\n<\/div>\n<\/div>\n<\/div>\n<\/div>\n<\/div>\n<\/div>\n<div class=\"wpb_text_column wpb_content_element \">\n<div class=\"wpb_wrapper\">\n<p>Tlf. (+358 9) 6689 6565<br \/><br \/><\/p>\n<\/div>\n<\/div>\n<\/div>\n<\/div>\n\n\t\t<\/div>\n\t\t\t\t\t<\/div>\n\n\t\n\n<\/div>\n\n\t\t<\/div>\n\n\t\t\n<style>\n#section_1379377326 {\n  padding-top: 30px;\n  padding-bottom: 30px;\n}\n<\/style>\n\t<\/section>\n\t\n<span class=\"scroll-to\" data-label=\"Scroll to: #christine-kotzev\" data-bullet=\"false\" data-link=\"#christine-kotzev\" data-title=\"Change this\"><a name=\"christine-kotzev\"><\/a><\/span>\n\n\n\t<section class=\"section\" id=\"section_707953899\">\n\t\t<div class=\"section-bg fill\" >\n\t\t\t\t\t\t\t\t\t\n\t\t\t\n\n\t\t<\/div>\n\n\t\t\n\n\t\t<div class=\"section-content relative\">\n\t\t\t\n\n\n\t\t<\/div>\n\n\t\t\n<style>\n#section_707953899 {\n  padding-top: 30px;\n  padding-bottom: 30px;\n}\n<\/style>\n\t<\/section>\n\t\n<span class=\"scroll-to\" data-label=\"Scroll to: #eva-schauman\" data-bullet=\"false\" data-link=\"#eva-schauman\" data-title=\"Change this\"><a name=\"eva-schauman\"><\/a><\/span>\n\n\n\t<section class=\"section\" id=\"section_1146645855\">\n\t\t<div class=\"section-bg fill\" >\n\t\t\t\t\t\t\t\t\t\n\t\t\t\n\n\t\t<\/div>\n\n\t\t\n\n\t\t<div class=\"section-content relative\">\n\t\t\t\n\n<div class=\"row user-list-item\"  id=\"row-136928607\">\n\n\n\t<div id=\"col-835404382\" class=\"col medium-4 small-12 large-4\"  >\n\t\t\t\t<div class=\"col-inner\"  >\n\t\t\t\n\t\t\t\n\n\t<div class=\"box has-hover   has-hover box-text-bottom\" >\n\n\t\t<div class=\"box-image\" style=\"width:50%;\">\n\t\t\t\t\t\t<div class=\"\" >\n\t\t\t\t<img loading=\"lazy\" decoding=\"async\" width=\"200\" height=\"200\" src=\"https:\/\/rehnco.com\/wp-content\/uploads\/2015\/10\/avatar_female_dark_on_clear_200x200.png\" class=\"attachment- size-\" alt=\"\" srcset=\"https:\/\/rehnco.com\/wp-content\/uploads\/2015\/10\/avatar_female_dark_on_clear_200x200.png 200w, https:\/\/rehnco.com\/wp-content\/uploads\/2015\/10\/avatar_female_dark_on_clear_200x200-150x150.png 150w\" sizes=\"auto, (max-width: 200px) 100vw, 200px\" \/>\t\t\t\t\t\t\t\t\t\t\t<\/div>\n\t\t\t\t\t<\/div>\n\n\t\t<div class=\"box-text text-center\" >\n\t\t\t<div class=\"box-text-inner\">\n\t\t\t\t\n\n\n\t\t\t<\/div>\n\t\t<\/div>\n\t<\/div>\n\t\n\n\t\t<\/div>\n\t\t\t\t\t<\/div>\n\n\t\n\n\t<div id=\"col-6237378\" class=\"col medium-8 small-12 large-8\"  >\n\t\t\t\t<div class=\"col-inner\"  >\n\t\t\t\n\t\t\t\n\n<div class=\"uvc-heading ult-adjust-bottom-margin ultimate-heading-32025ca3577b88285 uvc-227 \" id=\"ultimate-heading-32025ca3577b88285\" data-halign=\"left\" data-hspacer=\"no_spacer\">\n<div class=\"uvc-main-heading ult-responsive\" data-responsive-json-new='{\"font-size\":\"desktop:36px;\",\"line-height\":\"\"}' data-ultimate-target=\".uvc-heading.ultimate-heading-32025ca3577b88285 h2\">\n<div class=\"uvc-heading ult-adjust-bottom-margin ultimate-heading-23985ca445356e3af uvc-8962 \" id=\"ultimate-heading-23985ca445356e3af\" data-halign=\"left\" data-hspacer=\"no_spacer\">\n<div class=\"uvc-main-heading ult-responsive\" data-responsive-json-new='{\"font-size\":\"desktop:36px;\",\"line-height\":\"\"}' data-ultimate-target=\".uvc-heading.ultimate-heading-23985ca445356e3af h2\">\n<h2>Eva Schauman<\/h2>\n<\/div>\n<div class=\"uvc-sub-heading ult-responsive\" data-responsive-json-new='{\"font-size\":\"\",\"line-height\":\"\"}' data-ultimate-target=\".uvc-heading.ultimate-heading-23985ca445356e3af .uvc-sub-heading \">Lawyer<\/div>\n<\/div>\n<div class=\"vc_separator wpb_content_element vc_separator_align_center vc_sep_width_100 vc_sep_pos_align_center vc_separator_no_text vc_sep_color_grey\">&nbsp;<\/div>\n<div class=\"wpb_text_column wpb_content_element \">\n<div class=\"wpb_wrapper\">\n<p>By appointment only<\/p>\n<\/div>\n<\/div>\n<\/div>\n<\/div>\n\n\t\t<\/div>\n\t\t\t\t\t<\/div>\n\n\t\n\n<\/div>\n\n\t\t<\/div>\n\n\t\t\n<style>\n#section_1146645855 {\n  padding-top: 30px;\n  padding-bottom: 30px;\n}\n<\/style>\n\t<\/section>\n\t\n<span class=\"scroll-to\" data-label=\"Scroll to: #christina-tahtinen\" data-bullet=\"false\" data-link=\"#christina-tahtinen\" data-title=\"Change this\"><a name=\"christina-tahtinen\"><\/a><\/span>\n\n\n\t<section class=\"section\" id=\"section_1058719262\">\n\t\t<div class=\"section-bg fill\" >\n\t\t\t\t\t\t\t\t\t\n\t\t\t\n\n\t\t<\/div>\n\n\t\t\n\n\t\t<div class=\"section-content relative\">\n\t\t\t\n\n<div class=\"row user-list-item\"  id=\"row-1378134262\">\n\n\n\t<div id=\"col-411635594\" class=\"col medium-4 small-12 large-4\"  >\n\t\t\t\t<div class=\"col-inner\"  >\n\t\t\t\n\t\t\t\n\n\t<div class=\"box has-hover   has-hover box-text-bottom\" >\n\n\t\t<div class=\"box-image\" >\n\t\t\t\t\t\t<div class=\"\" >\n\t\t\t\t<img loading=\"lazy\" decoding=\"async\" width=\"800\" height=\"598\" src=\"https:\/\/rehnco.com\/wp-content\/uploads\/2015\/10\/christina_portrait.jpg\" class=\"attachment- size-\" alt=\"\" srcset=\"https:\/\/rehnco.com\/wp-content\/uploads\/2015\/10\/christina_portrait.jpg 800w, https:\/\/rehnco.com\/wp-content\/uploads\/2015\/10\/christina_portrait-300x224.jpg 300w, https:\/\/rehnco.com\/wp-content\/uploads\/2015\/10\/christina_portrait-768x574.jpg 768w\" sizes=\"auto, (max-width: 800px) 100vw, 800px\" \/>\t\t\t\t\t\t\t\t\t\t\t<\/div>\n\t\t\t\t\t<\/div>\n\n\t\t<div class=\"box-text text-left\" >\n\t\t\t<div class=\"box-text-inner\">\n\t\t\t\t\n\n<p>+358 (0)9 6689 650<\/p>\n<p><i class=\"fa fa-envelope-o\"><\/i><a href=\"mailto:etunimi.sukunimi@rehnco.com\">firstname.lastname@rehnco.com<\/a><\/p>\n\n\t\t\t<\/div>\n\t\t<\/div>\n\t<\/div>\n\t\n\n\t\t<\/div>\n\t\t\t\t\t<\/div>\n\n\t\n\n\t<div id=\"col-531093410\" class=\"col medium-8 small-12 large-8\"  >\n\t\t\t\t<div class=\"col-inner\"  >\n\t\t\t\n\t\t\t\n\n<div class=\"uvc-heading ult-adjust-bottom-margin ultimate-heading-3465ca3577b8c4bf uvc-678 \" id=\"ultimate-heading-3465ca3577b8c4bf\" data-halign=\"left\" data-hspacer=\"no_spacer\">\n<div class=\"uvc-main-heading ult-responsive\" data-responsive-json-new='{\"font-size\":\"desktop:36px;\",\"line-height\":\"\"}' data-ultimate-target=\".uvc-heading.ultimate-heading-3465ca3577b8c4bf h2\">\n<div class=\"uvc-heading ult-adjust-bottom-margin ultimate-heading-69205ca445356f6fb uvc-977 \" id=\"ultimate-heading-69205ca445356f6fb\" data-halign=\"left\" data-hspacer=\"no_spacer\">\n<div class=\"uvc-main-heading ult-responsive\" data-responsive-json-new='{\"font-size\":\"desktop:36px;\",\"line-height\":\"\"}' data-ultimate-target=\".uvc-heading.ultimate-heading-69205ca445356f6fb h2\">\n<h2>Christina T\u00e4htinen<\/h2>\n<\/div>\n<div class=\"uvc-sub-heading ult-responsive\" data-responsive-json-new='{\"font-size\":\"\",\"line-height\":\"\"}' data-ultimate-target=\".uvc-heading.ultimate-heading-69205ca445356f6fb .uvc-sub-heading \">ASSISTANT<\/div>\n<\/div>\n<div class=\"vc_separator wpb_content_element vc_separator_align_center vc_sep_width_100 vc_sep_pos_align_center vc_separator_no_text vc_sep_color_grey\">&nbsp;<\/div>\n<div class=\"wpb_text_column wpb_content_element \">\n<div class=\"wpb_wrapper\">\n<p>Tlf: +358 9 6689 6570<\/p>\n<\/div>\n<\/div>\n<\/div>\n<\/div>\n\n\t\t<\/div>\n\t\t\t\t\t<\/div>\n\n\t\n\n<\/div>\n\n\t\t<\/div>\n\n\t\t\n<style>\n#section_1058719262 {\n  padding-top: 30px;\n  padding-bottom: 30px;\n}\n<\/style>\n\t<\/section>\n\t\n\n","protected":false},"excerpt":{"rendered":"","protected":false},"author":1,"featured_media":0,"parent":0,"menu_order":0,"comment_status":"closed","ping_status":"closed","template":"page-blank.php","meta":{"footnotes":""},"class_list":["post-478","page","type-page","status-publish","hentry"],"_links":{"self":[{"href":"https:\/\/rehnco.com\/en\/wp-json\/wp\/v2\/pages\/478","targetHints":{"allow":["GET"]}}],"collection":[{"href":"https:\/\/rehnco.com\/en\/wp-json\/wp\/v2\/pages"}],"about":[{"href":"https:\/\/rehnco.com\/en\/wp-json\/wp\/v2\/types\/page"}],"author":[{"embeddable":true,"href":"https:\/\/rehnco.com\/en\/wp-json\/wp\/v2\/users\/1"}],"replies":[{"embeddable":true,"href":"https:\/\/rehnco.com\/en\/wp-json\/wp\/v2\/comments?post=478"}],"version-history":[{"count":52,"href":"https:\/\/rehnco.com\/en\/wp-json\/wp\/v2\/pages\/478\/revisions"}],"predecessor-version":[{"id":991,"href":"https:\/\/rehnco.com\/en\/wp-json\/wp\/v2\/pages\/478\/revisions\/991"}],"wp:attachment":[{"href":"https:\/\/rehnco.com\/en\/wp-json\/wp\/v2\/media?parent=478"}],"curies":[{"name":"wp","href":"https:\/\/api.w.org\/{rel}","templated":true}]}}