{"id":300,"date":"2015-10-30T10:13:54","date_gmt":"2015-10-30T10:13:54","guid":{"rendered":"http:\/\/rehn.rhm.fi\/sv\/?page_id=300"},"modified":"2019-04-03T07:11:07","modified_gmt":"2019-04-03T07:11:07","slug":"vara-tjanster","status":"publish","type":"page","link":"https:\/\/rehnco.com\/sv\/vara-tjanster\/","title":{"rendered":"V\u00c5RA TJ\u00c4NSTER"},"content":{"rendered":"\n\t<section class=\"section\" id=\"section_950185745\">\n\t\t<div class=\"section-bg fill\" >\n\t\t\t\t\t\t\t\t\t\n\t\t\t\n\n\t\t<\/div>\n\n\t\t\n\n\t\t<div class=\"section-content relative\">\n\t\t\t\n<div class=\"row align-center\"  id=\"row-799422853\">\n\n\t<div id=\"col-862240879\" class=\"col small-12 large-12\"  >\n\t\t\t\t<div class=\"col-inner text-center\"  >\n\t\t\t\n\t\t\t\n<h1>V\u00c5RA TJ\u00c4NSTER<\/h1>\n\t\t<\/div>\n\t\t\t\t\t<\/div>\n\n\t\n\n\t<div id=\"col-496213473\" class=\"col small-12 large-12\"  >\n\t\t\t\t<div class=\"col-inner text-left\"  >\n\t\t\t\n\t\t\t\n<h2>V\u00c5RA\u00a0TJ\u00c4NSTER\u00a0F\u00d6R\u00a0PRIVATPERSONER<\/h2>\n<p>Ocks\u00e5 p\u00e5 privatsidan beh\u00f6ver man ibland experthj\u00e4lp med juridiska fr\u00e5gor. Detta g\u00e4ller speciellt familjef\u00f6retagsadministration, juridiska fr\u00e5gor i samband med egendomsf\u00f6rvaltning samt g\u00e5vo- och arvsplanering, liksom \u00e4ven arvskiften och avvittringar.<\/p>\n<p>Vi erbjuder med l\u00e5ng erfarenhet v\u00e5ra privatklienter advokattj\u00e4nster huvudsakligen inom f\u00f6ljande omr\u00e5den:\u200b<\/p>\n<ul class=\"ui-tabs-nav ui-helper-reset ui-helper-clearfix ui-widget-header ui-corner-all\" role=\"tablist\">\n<li class=\"ui-corner-left\">Arvskiften och avvittringar<\/li>\n<li class=\"ui-corner-left\">Testamenten och \u00e4ktenskapsf\u00f6rord<\/li>\n<li class=\"ui-corner-left\">Boutredningar<\/li>\n<li class=\"ui-corner-left\">Bouppteckningar<\/li>\n<li class=\"ui-corner-left\">Generationsskiften<\/li>\n<li class=\"ui-corner-left\">Skatteplanering och skattefr\u00e5gor<\/li>\n<li class=\"ui-corner-left\">Aktiebolags- och bostadsaktiebolagsfr\u00e5gor<\/li>\n<li class=\"ui-corner-left\">Hyres- och arrendef\u00f6rh\u00e5llanden<\/li>\n<li class=\"ui-corner-left\">Direkt\u00f6rs- och arbetsavtals\u00e4renden<\/li>\n<li class=\"ui-corner-left\">Tvistl\u00f6sning i domstol och via f\u00f6rhandlingar<\/li>\n<\/ul>\n\t\t<\/div>\n\t\t\t\t\t<\/div>\n\n\t\n\n\t<div id=\"col-1191905427\" class=\"col small-12 large-12\"  >\n\t\t\t\t<div class=\"col-inner\"  >\n\t\t\t\n\t\t\t\n<h2>V\u00c5RA\u00a0TJ\u00c4NSTER\u00a0F\u00d6R\u00a0F\u00d6RETAG \u00c4R<\/h2>\n<ul>\n<li>Avtalsr\u00e4tt<\/li>\n<li>Bolagsr\u00e4tt<\/li>\n<li>Finanseringsr\u00e4tt<\/li>\n<li>Beskattning<\/li>\n<li>Generationsskiften<\/li>\n<li>F\u00f6retagsarrangemang<\/li>\n<li>Immaterialr\u00e4tt<\/li>\n<li>Byggnads- och fastighetsr\u00e4tt<\/li>\n<li>Arbetsr\u00e4tt<\/li>\n<li>Tvistl\u00f6sningar genom f\u00f6rhandling eller r\u00e4tteg\u00e5ng<\/li>\n<\/ul>\n\t\t<\/div>\n\t\t\t\t\t<\/div>\n\n\t\n<\/div>\n\t\t<\/div>\n\n\t\t\n<style>\n#section_950185745 {\n  padding-top: 30px;\n  padding-bottom: 30px;\n}\n<\/style>\n\t<\/section>\n\t\n\n\t<section class=\"section\" id=\"section_500172234\">\n\t\t<div class=\"section-bg fill\" >\n\t\t\t\t\t\t\t\t\t\n\t\t\t\n\n\t\t<\/div>\n\n\t\t\n\n\t\t<div class=\"section-content relative\">\n\t\t\t\n<div class=\"row\"  id=\"row-1375125613\">\n\n\t<div id=\"col-1189514293\" class=\"col small-12 large-12\"  >\n\t\t\t\t<div class=\"col-inner text-center\"  >\n\t\t\t\n\t\t\t\n\t<div class=\"img has-hover x md-x lg-x y md-y lg-y\" id=\"image_1354136655\">\n\t\t\t\t\t\t\t\t<div class=\"img-inner dark\" >\n\t\t\t<img loading=\"lazy\" decoding=\"async\" width=\"309\" height=\"90\" src=\"https:\/\/rehnco.com\/wp-content\/uploads\/2015\/10\/suomen.png\" class=\"attachment-large size-large\" alt=\"\" srcset=\"https:\/\/rehnco.com\/wp-content\/uploads\/2015\/10\/suomen.png 309w, https:\/\/rehnco.com\/wp-content\/uploads\/2015\/10\/suomen-300x87.png 300w\" sizes=\"auto, (max-width: 309px) 100vw, 309px\" \/>\t\t\t\t\t\t\n\t\t\t\t\t<\/div>\n\t\t\t\t\t\t\t\t\n<style>\n#image_1354136655 {\n  width: 30%;\n}\n<\/style>\n\t<\/div>\n\t\n\t\t<\/div>\n\t\t\t\t\t<\/div>\n\n\t\n<\/div>\n\t\t<\/div>\n\n\t\t\n<style>\n#section_500172234 {\n  padding-top: 30px;\n  padding-bottom: 30px;\n  background-color: rgb(227, 227, 227);\n}\n<\/style>\n\t<\/section>\n\t\n","protected":false},"excerpt":{"rendered":"","protected":false},"author":1,"featured_media":0,"parent":0,"menu_order":0,"comment_status":"closed","ping_status":"closed","template":"page-blank.php","meta":{"footnotes":""},"class_list":["post-300","page","type-page","status-publish","hentry"],"_links":{"self":[{"href":"https:\/\/rehnco.com\/sv\/wp-json\/wp\/v2\/pages\/300","targetHints":{"allow":["GET"]}}],"collection":[{"href":"https:\/\/rehnco.com\/sv\/wp-json\/wp\/v2\/pages"}],"about":[{"href":"https:\/\/rehnco.com\/sv\/wp-json\/wp\/v2\/types\/page"}],"author":[{"embeddable":true,"href":"https:\/\/rehnco.com\/sv\/wp-json\/wp\/v2\/users\/1"}],"replies":[{"embeddable":true,"href":"https:\/\/rehnco.com\/sv\/wp-json\/wp\/v2\/comments?post=300"}],"version-history":[{"count":32,"href":"https:\/\/rehnco.com\/sv\/wp-json\/wp\/v2\/pages\/300\/revisions"}],"predecessor-version":[{"id":915,"href":"https:\/\/rehnco.com\/sv\/wp-json\/wp\/v2\/pages\/300\/revisions\/915"}],"wp:attachment":[{"href":"https:\/\/rehnco.com\/sv\/wp-json\/wp\/v2\/media?parent=300"}],"curies":[{"name":"wp","href":"https:\/\/api.w.org\/{rel}","templated":true}]}}