{"id":334,"date":"2015-12-15T13:20:23","date_gmt":"2015-12-15T13:20:23","guid":{"rendered":"http:\/\/rehn.rhm.fi\/sv\/?page_id=334"},"modified":"2025-08-08T05:33:19","modified_gmt":"2025-08-08T05:33:19","slug":"kontaktuppgifter","status":"publish","type":"page","link":"https:\/\/rehnco.com\/sv\/kontaktuppgifter\/","title":{"rendered":"Kontaktuppgifter"},"content":{"rendered":"\n\n\t<section class=\"section\" id=\"section_1151150977\">\n\t\t<div class=\"section-bg fill\" >\n\t\t\t\t\t\t\t\t\t\n\t\t\t\n\n\t\t<\/div>\n\n\t\t\n\n\t\t<div class=\"section-content relative\">\n\t\t\t\n\n<div class=\"row\"  id=\"row-1672275484\">\n\n\n\t<div id=\"col-74529365\" class=\"col small-12 large-12\"  >\n\t\t\t\t<div class=\"col-inner text-center\"  >\n\t\t\t\n\t\t\t\n\n<h1>KONTAKTUPPGIFTER<\/h1>\n\n\t\t<\/div>\n\t\t\t\t\t<\/div>\n\n\t\n\n\t<div id=\"col-374732635\" class=\"col medium-6 small-12 large-6\"  >\n\t\t\t\t<div class=\"col-inner\"  >\n\t\t\t\n\t\t\t\n\n<h4><strong>Advokatbyr\u00e5 Rehn &amp; Co Ab:s kontaktuppgifter:<\/strong><\/h4>\n<div class=\"zw-line-div\">\n<div class=\"zw-line-content\"><strong><span class=\"zw-portion\" data-text-len=\"5\">Namn:<\/span><\/strong><span class=\"zw-portion\" data-text-len=\"1\">\u00a0Advokatbyr\u00e5\u00a0Rehn\u00a0&amp;\u00a0Co\u00a0Ab<\/span><\/div>\n<\/div>\n<div class=\"zw-line-div\">\n<div class=\"zw-line-content\"><strong><span class=\"zw-portion\" data-text-len=\"7\">Adress:<\/span><\/strong> Dagmarsgatan 8 B 21, 00100 Helsingfors<\/div>\n<\/div>\n<div class=\"zw-line-div\">\n<div class=\"zw-line-content\"><strong><span class=\"zw-portion\" data-text-len=\"9\">FO-nummer:<\/span><\/strong><span class=\"zw-portion\" data-text-len=\"1\">\u00a0<\/span><span class=\"zw-portion\" data-text-len=\"9\">1789673-9<\/span><span class=\"zw-portion\" data-text-len=\"26\">\u00a0(momsnummer\u00a0FI17896739)<span class=\"zw-portion zw-br-portion\" data-text-len=\"1\">\u200b<\/span><\/span><\/div>\n<\/div>\n<div class=\"zw-line-div\">\n<div class=\"zw-line-content\"><strong><span class=\"zw-portion\" data-text-len=\"11\">E-post:<\/span><\/strong><span class=\"zw-portion\" data-text-len=\"1\">\u00a0<\/span><span class=\"zw-portion zeroSize\" data-text-len=\"1\"><img class=\"spacer\" alt=\"\" \/><\/span><a title=\"office@rehnco.com\u200b\" href=\"mailto:office@rehnco.com%E2%80%8B\"><span class=\"zw-portion link\" title=\"mailto:office@rehnco.comi\" data-title=\"mailto:office@rehnco.comi\" data-href=\"mailto:office@rehnco.comi\" data-type=\"3\" data-target=\"\" data-text-len=\"18\">office@rehnco.com<\/span><span class=\"zw-portion zeroSize\" data-text-len=\"1\"><img class=\"noprint comment-end\" alt=\"\" \/><\/span><span class=\"zw-portion zw-br-portion\" data-text-len=\"1\">\u200b<\/span><\/a><\/div>\n<\/div>\n<div class=\"zw-line-div\">\n<div class=\"zw-line-content\"><strong><span class=\"zw-portion\" data-text-len=\"8\">Telefon:<\/span><\/strong><span class=\"zw-portion\" data-text-len=\"1\">\u00a0<\/span><span class=\"zw-portion\" data-text-len=\"3\">09\u00a0<\/span><span class=\"zw-portion\" data-text-len=\"8\">6689\u00a0650<\/span><span class=\"zw-portion zw-br-portion\" data-text-len=\"1\">\u200b<\/span><\/div>\n<\/div>\n<div class=\"zw-line-div\">\n<div class=\"zw-line-content\"><strong><span class=\"zw-portion\" data-text-len=\"10\">Hemsida:<\/span><\/strong><span class=\"zw-portion\" data-text-len=\"1\">\u00a0<\/span><span class=\"zw-portion zeroSize\" data-text-len=\"1\"><img class=\"spacer\" alt=\"\" \/><a href=\"http:\/\/www.rehnco.com\/\">www.rehnco.com<\/a><\/span><span class=\"zw-portion zeroSize\" data-text-len=\"1\"><img class=\"noprint comment-end\" alt=\"\" \/><\/span><span class=\"EOP EOP-readonly\">\u00a0<\/span><\/div>\n<\/div>\n\n\t\t<\/div>\n\t\t\t\t\t<\/div>\n\n\t\n\n\t<div id=\"col-565523256\" class=\"col medium-6 small-12 large-6\"  >\n\t\t\t\t<div class=\"col-inner\"  >\n\t\t\t\n\t\t\t\n\n<h4><strong>Myndigheten som \u00f6vervakar advokaterna p\u00e5 Rehn &amp; Co Ab \u00e4r:<\/strong><\/h4>\n<div class=\"zw-line-div\">\n<div class=\"zw-line-content\"><strong><span class=\"zw-portion\" data-text-len=\"5\">Namn:<\/span><\/strong><span class=\"zw-portion\" data-text-len=\"1\">&nbsp;Finlands&nbsp;Advokatf\u00f6rbund<span class=\"zw-portion zw-br-portion\" data-text-len=\"1\">\u200b<\/span><span class=\"zw-portion zw-br-portion\" data-text-len=\"1\">\u200b<\/span><\/span><\/div>\n<\/div>\n<div class=\"zw-line-div\">\n<div class=\"zw-line-content\"><strong><span class=\"zw-portion\" data-text-len=\"7\">Adress:<\/span><\/strong><span class=\"zw-portion\" data-text-len=\"1\">&nbsp;PB&nbsp;194&nbsp;(Mikonkatu&nbsp;25),&nbsp;00101&nbsp;Helsingfors<\/span><\/div>\n<\/div>\n<div class=\"zw-line-div\">\n<div class=\"zw-line-content\"><strong><span class=\"zw-portion\" data-text-len=\"11\">E-post:<\/span><\/strong><span class=\"zw-portion\" data-text-len=\"1\">&nbsp;<\/span><span class=\"zw-portion zeroSize\" data-text-len=\"1\"><img class=\"spacer\" alt=\"\"><\/span><a title=\"info@asianajajaliitto.fi\u200b\u200b\" href=\"mailto:info@asianajajaliitto.fi%E2%80%8B%E2%80%8B\">info@asianajajaliitto.fi\u200b<\/a><\/div>\n<\/div>\n<div class=\"zw-line-div\">\n<div class=\"zw-line-content\"><strong><span class=\"zw-portion\" data-text-len=\"8\">Telefon:<\/span><\/strong><span class=\"zw-portion\" data-text-len=\"1\">&nbsp;09&nbsp;6866&nbsp;120<span class=\"zw-portion zw-br-portion\" data-text-len=\"1\">\u200b<\/span><\/span><\/div>\n<\/div>\n<div class=\"zw-line-div\">\n<div class=\"zw-line-content\"><strong><span class=\"zw-portion\" data-text-len=\"10\">Hemsida:<\/span><\/strong><span class=\"zw-portion\" data-text-len=\"1\">&nbsp;<\/span><span class=\"zw-portion zeroSize\" data-text-len=\"1\"><img class=\"spacer\" alt=\"\"><a href=\"http:\/\/www.asianajajaliitto.fi\/\" target=\"_blank\" rel=\"noopener noreferrer\">www.asianajajaliitto.fi<\/a><\/span><\/div>\n<\/div>\n<div class=\"zw-line-div\">&nbsp;<\/div>\n\n\t\t<\/div>\n\t\t\t\t\t<\/div>\n\n\t\n\n\t<div id=\"col-30148425\" class=\"col small-12 large-12\"  >\n\t\t\t\t<div class=\"col-inner\"  >\n\t\t\t\n\t\t\t\n\n<h2>AV ADVOKATER F\u00d6RUTSATTA ALLM\u00c4NNA UPPLYSNINGAR<\/h2>\n<p>Rehn &amp; Co Ab \u00e4r antecknat i handelsregistret, som uppr\u00e4tth\u00e5lls av Patent- och<br \/>registerstyrelsen.<\/p>\n<p>Att driva advokatverksamhet och att fungera som advokat f\u00f6ruts\u00e4tter tillst\u00e5nd av det offentligr\u00e4ttsliga samfundet Finlands Advokatf\u00f6rbund. Advokaterna p\u00e5 Rehn &amp; Co Ab \u00e4r inskrivna i dess advokatf\u00f6rteckning. Yrkesben\u00e4mningen advokat \u00e4r skyddad.<\/p>\n<div class=\"wpb_text_column wpb_content_element \">\n<div class=\"wpb_wrapper\">\n<p>Advokatbyr\u00e5 Rehn &amp; Co Ab erbjuder enbart advokattj\u00e4nster. V\u00e5r prislista finns tillg\u00e4nglig p\u00e5 byr\u00e5n och tillhandah\u00e5lls p\u00e5 beg\u00e4ran per mejl.<\/p>\n<p>Rehn &amp; Co Ab har tecknat en ansvarsf\u00f6rs\u00e4kring i fall av f\u00f6rm\u00f6genhetsskada hos<br \/>f\u00f6rs\u00e4kringsbolaget L\u00e4hiTapiola, enligt Finlands Advokatf\u00f6rbunds anvisningar om<br \/>ansvarsf\u00f6rs\u00e4kring.<\/p>\n<\/div>\n<\/div>\n<div class=\"wpb_text_column wpb_content_element \">\n<div class=\"wpb_wrapper\">\n<p>Om en meningsskiljaktighet r\u00f6rande k\u00f6peavtalet inte kan l\u00f6sas genom f\u00f6rhandling mellan parterna, kan konsumenten h\u00e4nskjuta \u00e4rendet till konsumenttvisten\u00e4mnden (<a href=\"http:\/\/www.kuluttajariita.fi\/\" target=\"_blank\" rel=\"noopener noreferrer\">www.kuluttajariita.fi<\/a>) f\u00f6r avg\u00f6rande.<\/p>\n<p>Innan \u00e4rendet h\u00e4nskjuts till konsumenttvisten\u00e4mnden f\u00f6r behandling b\u00f6r konsumenten kontakta magistraternas konsumentr\u00e5dgivning (<a href=\"http:\/\/www.xn--konsumentrdgivning-eub.fi\/\" target=\"_blank\" rel=\"noopener noreferrer\">www.konsumentr\u00e5dgivning.fi<\/a>)<\/p>\n<p>Advokaternas f\u00f6rfarande kan klandras \u00e4ven genom klagom\u00e5l till Advokatf\u00f6rbundets tillsynsn\u00e4mnd.<\/p>\n<\/div>\n<\/div>\n\n\t\t<\/div>\n\t\t\t\t\t<\/div>\n\n\t\n\n<\/div>\n\n\t\t<\/div>\n\n\t\t\n<style>\n#section_1151150977 {\n  padding-top: 30px;\n  padding-bottom: 30px;\n}\n<\/style>\n\t<\/section>\n\t\n\n\t<section class=\"section\" id=\"section_1420266692\">\n\t\t<div class=\"section-bg fill\" >\n\t\t\t\t\t\t\t\t\t\n\t\t\t\n\n\t\t<\/div>\n\n\t\t\n\n\t\t<div class=\"section-content relative\">\n\t\t\t\n\n<div class=\"row\"  id=\"row-708985334\">\n\n\n\t<div id=\"col-840035793\" class=\"col small-12 large-12\"  >\n\t\t\t\t<div class=\"col-inner text-center\"  >\n\t\t\t\n\t\t\t\n\n\t<div class=\"img has-hover x md-x lg-x y md-y lg-y\" id=\"image_960635291\">\n\t\t\t\t\t\t\t\t<div class=\"img-inner dark\" >\n\t\t\t<img loading=\"lazy\" decoding=\"async\" width=\"309\" height=\"90\" src=\"https:\/\/rehnco.com\/wp-content\/uploads\/2015\/10\/suomen.png\" class=\"attachment-large size-large\" alt=\"\" srcset=\"https:\/\/rehnco.com\/wp-content\/uploads\/2015\/10\/suomen.png 309w, https:\/\/rehnco.com\/wp-content\/uploads\/2015\/10\/suomen-300x87.png 300w\" sizes=\"auto, (max-width: 309px) 100vw, 309px\" \/>\t\t\t\t\t\t\n\t\t\t\t\t<\/div>\n\t\t\t\t\t\t\t\t\n<style>\n#image_960635291 {\n  width: 30%;\n}\n<\/style>\n\t<\/div>\n\t\n\n\n\t\t<\/div>\n\t\t\t\t\t<\/div>\n\n\t\n\n<\/div>\n\n\t\t<\/div>\n\n\t\t\n<style>\n#section_1420266692 {\n  padding-top: 30px;\n  padding-bottom: 30px;\n  background-color: rgb(227, 227, 227);\n}\n<\/style>\n\t<\/section>\n\t\n\n","protected":false},"excerpt":{"rendered":"","protected":false},"author":1,"featured_media":0,"parent":0,"menu_order":0,"comment_status":"closed","ping_status":"closed","template":"page-blank.php","meta":{"footnotes":""},"class_list":["post-334","page","type-page","status-publish","hentry"],"_links":{"self":[{"href":"https:\/\/rehnco.com\/sv\/wp-json\/wp\/v2\/pages\/334","targetHints":{"allow":["GET"]}}],"collection":[{"href":"https:\/\/rehnco.com\/sv\/wp-json\/wp\/v2\/pages"}],"about":[{"href":"https:\/\/rehnco.com\/sv\/wp-json\/wp\/v2\/types\/page"}],"author":[{"embeddable":true,"href":"https:\/\/rehnco.com\/sv\/wp-json\/wp\/v2\/users\/1"}],"replies":[{"embeddable":true,"href":"https:\/\/rehnco.com\/sv\/wp-json\/wp\/v2\/comments?post=334"}],"version-history":[{"count":18,"href":"https:\/\/rehnco.com\/sv\/wp-json\/wp\/v2\/pages\/334\/revisions"}],"predecessor-version":[{"id":1027,"href":"https:\/\/rehnco.com\/sv\/wp-json\/wp\/v2\/pages\/334\/revisions\/1027"}],"wp:attachment":[{"href":"https:\/\/rehnco.com\/sv\/wp-json\/wp\/v2\/media?parent=334"}],"curies":[{"name":"wp","href":"https:\/\/api.w.org\/{rel}","templated":true}]}}