{"id":448,"date":"2015-10-22T11:51:00","date_gmt":"2015-10-22T11:51:00","guid":{"rendered":"http:\/\/rehn.rhm.fi\/sv\/?page_id=448"},"modified":"2021-09-01T12:14:52","modified_gmt":"2021-09-01T12:14:52","slug":"home-2","status":"publish","type":"page","link":"https:\/\/rehnco.com\/sv\/","title":{"rendered":"Home"},"content":{"rendered":"\n\n\t<section class=\"section\" id=\"section_1473213663\">\n\t\t<div class=\"section-bg fill\" >\n\t\t\t\t\t\t\t\t\t\n\t\t\t\n\n\t\t<\/div>\n\n\t\t\n\n\t\t<div class=\"section-content relative\">\n\t\t\t\n\n<div class=\"slider-wrapper relative\" id=\"slider-338843158\" >\n    <div class=\"slider slider-nav-circle slider-nav-large slider-nav-light slider-style-normal\"\n        data-flickity-options='{\n            \"cellAlign\": \"center\",\n            \"imagesLoaded\": true,\n            \"lazyLoad\": 1,\n            \"freeScroll\": false,\n            \"wrapAround\": true,\n            \"autoPlay\": 6000,\n            \"pauseAutoPlayOnHover\" : true,\n            \"prevNextButtons\": true,\n            \"contain\" : true,\n            \"adaptiveHeight\" : true,\n            \"dragThreshold\" : 10,\n            \"percentPosition\": true,\n            \"pageDots\": true,\n            \"rightToLeft\": false,\n            \"draggable\": true,\n            \"selectedAttraction\": 0.1,\n            \"parallax\" : 0,\n            \"friction\": 0.6        }'\n        >\n        \n\n\n  <div class=\"banner has-hover\" id=\"banner-1118423681\">\n          <div class=\"banner-inner fill\">\n        <div class=\"banner-bg fill\" >\n            <img loading=\"lazy\" decoding=\"async\" width=\"1020\" height=\"680\" src=\"https:\/\/rehnco.com\/wp-content\/uploads\/2015\/12\/door2-1024x683.jpg\" class=\"bg attachment-large size-large\" alt=\"\" \/>                        <div class=\"overlay\"><\/div>            \n                    <\/div>\n\t\t\n        <div class=\"banner-layers container\">\n            <div class=\"fill banner-link\"><\/div>            \n\n   <div id=\"text-box-1307287283\" class=\"text-box banner-layer x5 md-x5 lg-x5 y50 md-y50 lg-y50 res-text\">\n                                <div class=\"text-box-content text dark\">\n              \n              <div class=\"text-inner text-left\">\n                  \n\n<h2 class=\"uppercase\">ADVOKATBYR\u00c5 REHN &amp; CO AB<\/h2>\n<h3>TILL ER TJ\u00c4NST<\/h3>\n<p>\u00a0<\/p>\n<p>Domaren \u00e4r f\u00f6r den meniges skull och icke den menige f\u00f6r domarens skull (fr\u00e5n Domarreglerna, p. 3).<\/p>\n\n              <\/div>\n           <\/div>\n                            \n<style>\n#text-box-1307287283 {\n  width: 60%;\n}\n#text-box-1307287283 .text-box-content {\n  font-size: 100%;\n}\n@media (min-width:550px) {\n  #text-box-1307287283 {\n    width: 100%;\n  }\n}\n<\/style>\n    <\/div>\n \n\n        <\/div>\n      <\/div>\n\n            \n<style>\n#banner-1118423681 {\n  padding-top: 600px;\n}\n#banner-1118423681 .overlay {\n  background-color: rgba(0, 0, 0, 0.31);\n}\n<\/style>\n  <\/div>\n\n\n\n  <div class=\"banner has-hover\" id=\"banner-195462191\">\n          <div class=\"banner-inner fill\">\n        <div class=\"banner-bg fill\" >\n            <img loading=\"lazy\" decoding=\"async\" width=\"1020\" height=\"434\" src=\"https:\/\/rehnco.com\/wp-content\/uploads\/2015\/12\/detail1-1024x436.jpg\" class=\"bg attachment-large size-large\" alt=\"\" \/>                        <div class=\"overlay\"><\/div>            \n                    <\/div>\n\t\t\n        <div class=\"banner-layers container\">\n            <div class=\"fill banner-link\"><\/div>            \n\n   <div id=\"text-box-38776157\" class=\"text-box banner-layer x5 md-x5 lg-x5 y50 md-y50 lg-y50 res-text\">\n                                <div class=\"text-box-content text dark\">\n              \n              <div class=\"text-inner text-left\">\n                  \n\n<h2 class=\"uppercase\">ADVOKATBYR\u00c5 REHN &amp; CO AB<\/h2>\n<h3>TILL ER TJ\u00c4NST<\/h3>\n<p>\u00a0<\/p>\n<p>Domaren \u00e4r f\u00f6r den meniges skull och icke den menige f\u00f6r domarens skull (fr\u00e5n Domarreglerna, p. 3).<\/p>\n\n              <\/div>\n           <\/div>\n                            \n<style>\n#text-box-38776157 {\n  width: 60%;\n}\n#text-box-38776157 .text-box-content {\n  font-size: 100%;\n}\n@media (min-width:550px) {\n  #text-box-38776157 {\n    width: 100%;\n  }\n}\n<\/style>\n    <\/div>\n \n\n        <\/div>\n      <\/div>\n\n            \n<style>\n#banner-195462191 {\n  padding-top: 600px;\n}\n#banner-195462191 .overlay {\n  background-color: rgba(0, 0, 0, 0.31);\n}\n<\/style>\n  <\/div>\n\n\n\n  <div class=\"banner has-hover\" id=\"banner-849549064\">\n          <div class=\"banner-inner fill\">\n        <div class=\"banner-bg fill\" >\n            <img loading=\"lazy\" decoding=\"async\" width=\"1020\" height=\"680\" src=\"https:\/\/rehnco.com\/wp-content\/uploads\/2015\/12\/detail4-1024x683.jpg\" class=\"bg attachment-large size-large\" alt=\"\" \/>                        <div class=\"overlay\"><\/div>            \n                    <\/div>\n\t\t\n        <div class=\"banner-layers container\">\n            <div class=\"fill banner-link\"><\/div>            \n\n   <div id=\"text-box-1316041813\" class=\"text-box banner-layer x5 md-x5 lg-x5 y50 md-y50 lg-y50 res-text\">\n                                <div class=\"text-box-content text dark\">\n              \n              <div class=\"text-inner text-left\">\n                  \n\n<h2 class=\"uppercase\">ADVOKATBYR\u00c5 REHN &amp; CO AB<\/h2>\n<h3>TILL ER TJ\u00c4NST<\/h3>\n<p>\u00a0<\/p>\n<p>Domaren \u00e4r f\u00f6r den meniges skull och icke den menige f\u00f6r domarens skull (fr\u00e5n Domarreglerna, p. 3).<\/p>\n\n              <\/div>\n           <\/div>\n                            \n<style>\n#text-box-1316041813 {\n  width: 60%;\n}\n#text-box-1316041813 .text-box-content {\n  font-size: 100%;\n}\n@media (min-width:550px) {\n  #text-box-1316041813 {\n    width: 100%;\n  }\n}\n<\/style>\n    <\/div>\n \n\n        <\/div>\n      <\/div>\n\n            \n<style>\n#banner-849549064 {\n  padding-top: 600px;\n}\n#banner-849549064 .overlay {\n  background-color: rgba(0, 0, 0, 0.31);\n}\n<\/style>\n  <\/div>\n\n\n\n     <\/div>\n\n     <div class=\"loading-spin dark large centered\"><\/div>\n\n\t<\/div>\n\n\n\n\t\t<\/div>\n\n\t\t\n<style>\n#section_1473213663 {\n  padding-top: 30px;\n  padding-bottom: 30px;\n}\n<\/style>\n\t<\/section>\n\t\n\n\t<section class=\"section\" id=\"section_1909940878\">\n\t\t<div class=\"section-bg fill\" >\n\t\t\t\t\t\t\t\t\t\n\t\t\t\n\n\t\t<\/div>\n\n\t\t\n\n\t\t<div class=\"section-content relative\">\n\t\t\t\n\n<div class=\"row\"  id=\"row-1278967960\">\n\n\n\t<div id=\"col-1700533717\" class=\"col small-12 large-12\"  >\n\t\t\t\t<div class=\"col-inner text-center\"  >\n\t\t\t\n\t\t\t\n\n<h1 class=\"uppercase\">ADVOKATBYR\u00c5 REHN &amp; CO AB<\/h1>\n\t<div class=\"img has-hover x md-x lg-x y md-y lg-y\" id=\"image_602370707\">\n\t\t\t\t\t\t\t\t<div class=\"img-inner dark\" >\n\t\t\t<img loading=\"lazy\" decoding=\"async\" width=\"703\" height=\"84\" src=\"https:\/\/rehnco.com\/wp-content\/uploads\/2015\/10\/hr.png\" class=\"attachment-large size-large\" alt=\"\" srcset=\"https:\/\/rehnco.com\/wp-content\/uploads\/2015\/10\/hr.png 703w, https:\/\/rehnco.com\/wp-content\/uploads\/2015\/10\/hr-300x36.png 300w\" sizes=\"auto, (max-width: 703px) 100vw, 703px\" \/>\t\t\t\t\t\t\n\t\t\t\t\t<\/div>\n\t\t\t\t\t\t\t\t\n<style>\n#image_602370707 {\n  width: 70%;\n}\n<\/style>\n\t<\/div>\n\t\n\n\n\t\t<\/div>\n\t\t\t\t\t<\/div>\n\n\t\n\n\t<div id=\"col-490744772\" class=\"col small-12 large-12\"  >\n\t\t\t\t<div class=\"col-inner text-center\"  >\n\t\t\t\n\t\t\t\n\n<div class=\"uvc-main-heading ult-responsive\" data-ultimate-target=\".uvc-heading.ultimate-heading-68255ca3477ea9ea8 h2\" data-responsive-json-new=\"{&quot;font-size&quot;:&quot;desktop:24px;&quot;,&quot;line-height&quot;:&quot;&quot;}\">\n<h2>V\u00c5RA TJ\u00c4NSTER<\/h2>\n<\/div>\n<div class=\"uvc-sub-heading ult-responsive\" data-ultimate-target=\".uvc-heading.ultimate-heading-68255ca3477ea9ea8 .uvc-sub-heading \" data-responsive-json-new=\"{&quot;font-size&quot;:&quot;&quot;,&quot;line-height&quot;:&quot;&quot;}\">\n<p>V\u00e5ra klienter \u00e4r inhemska och nordiska aff\u00e4rsf\u00f6retag, stiftelser och privatpersoner. Vi arbetar p\u00e5 svenska, finska och engelska. Verksamheten bygger p\u00e5 v\u00e5ra grundv\u00e4rden kvalitet, ansvar, f\u00f6rtroende och samarbete. <a href=\"http:\/\/rehnco.fi\/sv\/vara-tjanster\/\">L\u00e4s mera om v\u00e5ra tj\u00e4nster.<\/a><\/p>\n<\/div>\n\n\t\t<\/div>\n\t\t\t\t\t<\/div>\n\n\t\n\n\t<div id=\"col-2104834876\" class=\"col small-12 large-12\"  >\n\t\t\t\t<div class=\"col-inner\"  >\n\t\t\t\n\t\t\t\n\n<div class=\"text-center\"><div class=\"is-divider divider clearfix\" style=\"max-width:90%;height:1px;background-color:rgb(170, 170, 170);\"><\/div><\/div>\n\n\n\t\t<\/div>\n\t\t\t\t\t<\/div>\n\n\t\n\n<\/div>\n<div class=\"row\"  id=\"row-1719434204\">\n\n\n\t<div id=\"col-1495267548\" class=\"col small-12 large-12\"  >\n\t\t\t\t<div class=\"col-inner text-center\"  >\n\t\t\t\n\t\t\t\n\n<h2>PERSONAL<\/h2>\n\n\t\t<\/div>\n\t\t\t\t\t<\/div>\n\n\t\n\n\t<div id=\"col-663436456\" class=\"col medium-6 small-12 large-6\"  >\n\t\t\t\t<div class=\"col-inner\"  >\n\t\t\t\n\t\t\t\n\n\t<div class=\"box has-hover   has-hover box-text-bottom\" >\n\n\t\t<div class=\"box-image\" style=\"border-radius:100%;width:30%;\">\n\t\t\t\t\t\t<div class=\"\" >\n\t\t\t\t<img loading=\"lazy\" decoding=\"async\" width=\"450\" height=\"450\" src=\"https:\/\/rehnco.com\/wp-content\/uploads\/2015\/10\/olof_portrait_500x500px.jpg\" class=\"attachment- size-\" alt=\"\" srcset=\"https:\/\/rehnco.com\/wp-content\/uploads\/2015\/10\/olof_portrait_500x500px.jpg 450w, https:\/\/rehnco.com\/wp-content\/uploads\/2015\/10\/olof_portrait_500x500px-150x150.jpg 150w, https:\/\/rehnco.com\/wp-content\/uploads\/2015\/10\/olof_portrait_500x500px-300x300.jpg 300w\" sizes=\"auto, (max-width: 450px) 100vw, 450px\" \/>\t\t\t\t\t\t\t\t\t\t\t<\/div>\n\t\t\t\t\t<\/div>\n\n\t\t<div class=\"box-text text-center\" >\n\t\t\t<div class=\"box-text-inner\">\n\t\t\t\t\n\n<div class=\"row row-full-width\"  id=\"row-2067057673\">\n\n\n\t<div id=\"col-940559439\" class=\"col small-12 large-12\"  >\n\t\t\t\t<div class=\"col-inner\"  >\n\t\t\t\n\t\t\t\n\n<div class=\"uvc-main-heading ult-responsive\" data-ultimate-target=\".uvc-heading.ultimate-heading-11325ca3477eabdcc h2\" data-responsive-json-new=\"{&quot;font-size&quot;:&quot;desktop:20px;&quot;,&quot;line-height&quot;:&quot;&quot;}\">\n<div class=\"uvc-main-heading ult-responsive\" data-ultimate-target=\".uvc-heading.ultimate-heading-80745ca34dc7cb66b h2\" data-responsive-json-new=\"{&quot;font-size&quot;:&quot;desktop:20px;&quot;,&quot;line-height&quot;:&quot;&quot;}\">\n<h2>Olof Rehn<\/h2>\n<\/div>\n<div class=\"uvc-sub-heading ult-responsive\" data-ultimate-target=\".uvc-heading.ultimate-heading-80745ca34dc7cb66b .uvc-sub-heading \" data-responsive-json-new=\"{&quot;font-size&quot;:&quot;desktop:16px;&quot;,&quot;line-height&quot;:&quot;&quot;}\">\n<p>Advokat, viceh\u00e4radsh\u00f6vding och partner<\/p>\n<\/div>\n<\/div>\n<a href=\"http:\/\/rehnco.com\/sv\/personal\/#olof-rehn\" class=\"button primary is-primary is-medium\" >\n\t\t<span>Visa profil<\/span>\n\t<\/a>\n\n\n\n\t\t<\/div>\n\t\t\t\t\n<style>\n#col-940559439 > .col-inner {\n  padding: 30px 0px 30px 0px;\n  margin: 0px 0px 0 0px;\n}\n<\/style>\n\t<\/div>\n\n\t\n\n\n<style>\n#row-2067057673 > .col > .col-inner {\n  background-color: rgb(255, 255, 255);\n}\n<\/style>\n<\/div>\n\n\t\t\t<\/div>\n\t\t<\/div>\n\t<\/div>\n\t\n\n\t\t<\/div>\n\t\t\t\t\t<\/div>\n\n\t\n\n\t<div id=\"col-1803650887\" class=\"col medium-6 small-12 large-6\"  >\n\t\t\t\t<div class=\"col-inner\"  >\n\t\t\t\n\t\t\t\n\n\t<div class=\"box has-hover   has-hover box-text-bottom\" >\n\n\t\t<div class=\"box-image\" style=\"border-radius:100%;width:30%;\">\n\t\t\t\t\t\t<div class=\"\" >\n\t\t\t\t<img loading=\"lazy\" decoding=\"async\" width=\"415\" height=\"415\" src=\"https:\/\/rehnco.com\/wp-content\/uploads\/2015\/10\/christina_portrait_500x500px.jpg\" class=\"attachment- size-\" alt=\"\" srcset=\"https:\/\/rehnco.com\/wp-content\/uploads\/2015\/10\/christina_portrait_500x500px.jpg 415w, https:\/\/rehnco.com\/wp-content\/uploads\/2015\/10\/christina_portrait_500x500px-150x150.jpg 150w, https:\/\/rehnco.com\/wp-content\/uploads\/2015\/10\/christina_portrait_500x500px-300x300.jpg 300w\" sizes=\"auto, (max-width: 415px) 100vw, 415px\" \/>\t\t\t\t\t\t\t\t\t\t\t<\/div>\n\t\t\t\t\t<\/div>\n\n\t\t<div class=\"box-text text-center\" >\n\t\t\t<div class=\"box-text-inner\">\n\t\t\t\t\n\n<div class=\"row\"  id=\"row-1460725636\">\n\n\n\t<div id=\"col-123566042\" class=\"col small-12 large-12\"  >\n\t\t\t\t<div class=\"col-inner\"  >\n\t\t\t\n\t\t\t\n\n<div class=\"uvc-main-heading ult-responsive\" data-ultimate-target=\".uvc-heading.ultimate-heading-30575ca34dc7cc83e h2\" data-responsive-json-new=\"{&quot;font-size&quot;:&quot;desktop:20px;&quot;,&quot;line-height&quot;:&quot;&quot;}\">\n<h2>Christina T\u00e4htinen<\/h2>\n<\/div>\n<div class=\"uvc-sub-heading ult-responsive\" data-ultimate-target=\".uvc-heading.ultimate-heading-30575ca34dc7cc83e .uvc-sub-heading \" data-responsive-json-new=\"{&quot;font-size&quot;:&quot;desktop:16px;&quot;,&quot;line-height&quot;:&quot;&quot;}\">\n<p>Assistent<\/p>\n<\/div>\n<a href=\"http:\/\/rehnco.com\/sv\/personal\/#christina-tahtinen\" class=\"button primary\" >\n\t\t<span>Visa profil<\/span>\n\t<\/a>\n\n\n\n\t\t<\/div>\n\t\t\t\t\n<style>\n#col-123566042 > .col-inner {\n  padding: 30px 0px 30px 0px;\n}\n<\/style>\n\t<\/div>\n\n\t\n\n\n<style>\n#row-1460725636 > .col > .col-inner {\n  background-color: rgb(255, 255, 255);\n}\n<\/style>\n<\/div>\n\n\t\t\t<\/div>\n\t\t<\/div>\n\t<\/div>\n\t\n\n\t\t<\/div>\n\t\t\t\t\t<\/div>\n\n\t\n\n\t<div id=\"col-1121978865\" class=\"col medium-6 small-12 large-6\"  >\n\t\t\t\t<div class=\"col-inner\"  >\n\t\t\t\n\t\t\t\n\n\t<div class=\"box has-hover   has-hover box-text-bottom\" >\n\n\t\t<div class=\"box-image\" style=\"border-radius:100%;width:30%;\">\n\t\t\t\t\t\t<div class=\"\" >\n\t\t\t\t<img loading=\"lazy\" decoding=\"async\" width=\"200\" height=\"200\" src=\"https:\/\/rehnco.com\/wp-content\/uploads\/2015\/10\/avatar_female_dark_on_clear_200x200.png\" class=\"attachment- size-\" alt=\"\" srcset=\"https:\/\/rehnco.com\/wp-content\/uploads\/2015\/10\/avatar_female_dark_on_clear_200x200.png 200w, https:\/\/rehnco.com\/wp-content\/uploads\/2015\/10\/avatar_female_dark_on_clear_200x200-150x150.png 150w\" sizes=\"auto, (max-width: 200px) 100vw, 200px\" \/>\t\t\t\t\t\t\t\t\t\t\t<\/div>\n\t\t\t\t\t<\/div>\n\n\t\t<div class=\"box-text text-center\" >\n\t\t\t<div class=\"box-text-inner\">\n\t\t\t\t\n\n<div class=\"row\"  id=\"row-854657660\">\n\n\n\t<div id=\"col-370856164\" class=\"col small-12 large-12\"  >\n\t\t\t\t<div class=\"col-inner\"  >\n\t\t\t\n\t\t\t\n\n<div class=\"uvc-main-heading ult-responsive\" data-ultimate-target=\".uvc-heading.ultimate-heading-915ca35b7d12e7c h2\" data-responsive-json-new=\"{&quot;font-size&quot;:&quot;desktop:20px;&quot;,&quot;line-height&quot;:&quot;&quot;}\">\n<h2>Eva Schauman<\/h2>\n<\/div>\n<div class=\"uvc-sub-heading ult-responsive\" data-ultimate-target=\".uvc-heading.ultimate-heading-915ca35b7d12e7c .uvc-sub-heading \" data-responsive-json-new=\"{&quot;font-size&quot;:&quot;desktop:16px;&quot;,&quot;line-height&quot;:&quot;&quot;}\">\n<p>Jurist<\/p>\n<\/div>\n<a href=\"http:\/\/rehnco.com\/sv\/personal\/#eva-schauman\" class=\"button primary\" >\n\t\t<span>Visa profil<\/span>\n\t<\/a>\n\n\n\n\t\t<\/div>\n\t\t\t\t\n<style>\n#col-370856164 > .col-inner {\n  padding: 30px 0px 30px 0px;\n}\n<\/style>\n\t<\/div>\n\n\t\n\n\n<style>\n#row-854657660 > .col > .col-inner {\n  background-color: rgb(255, 255, 255);\n}\n<\/style>\n<\/div>\n\n\t\t\t<\/div>\n\t\t<\/div>\n\t<\/div>\n\t\n\n\t\t<\/div>\n\t\t\t\t\t<\/div>\n\n\t\n\n<\/div>\n\n\t\t<\/div>\n\n\t\t\n<style>\n#section_1909940878 {\n  padding-top: 30px;\n  padding-bottom: 30px;\n}\n<\/style>\n\t<\/section>\n\t\n\n","protected":false},"excerpt":{"rendered":"","protected":false},"author":1,"featured_media":0,"parent":0,"menu_order":0,"comment_status":"closed","ping_status":"closed","template":"page-blank.php","meta":{"footnotes":""},"class_list":["post-448","page","type-page","status-publish","hentry"],"_links":{"self":[{"href":"https:\/\/rehnco.com\/sv\/wp-json\/wp\/v2\/pages\/448","targetHints":{"allow":["GET"]}}],"collection":[{"href":"https:\/\/rehnco.com\/sv\/wp-json\/wp\/v2\/pages"}],"about":[{"href":"https:\/\/rehnco.com\/sv\/wp-json\/wp\/v2\/types\/page"}],"author":[{"embeddable":true,"href":"https:\/\/rehnco.com\/sv\/wp-json\/wp\/v2\/users\/1"}],"replies":[{"embeddable":true,"href":"https:\/\/rehnco.com\/sv\/wp-json\/wp\/v2\/comments?post=448"}],"version-history":[{"count":32,"href":"https:\/\/rehnco.com\/sv\/wp-json\/wp\/v2\/pages\/448\/revisions"}],"predecessor-version":[{"id":967,"href":"https:\/\/rehnco.com\/sv\/wp-json\/wp\/v2\/pages\/448\/revisions\/967"}],"wp:attachment":[{"href":"https:\/\/rehnco.com\/sv\/wp-json\/wp\/v2\/media?parent=448"}],"curies":[{"name":"wp","href":"https:\/\/api.w.org\/{rel}","templated":true}]}}