{"id":470,"date":"2016-02-03T08:40:08","date_gmt":"2016-02-03T08:40:08","guid":{"rendered":"http:\/\/rehn.rhm.fi\/sv\/?page_id=470"},"modified":"2022-12-29T09:47:02","modified_gmt":"2022-12-29T09:47:02","slug":"personal","status":"publish","type":"page","link":"https:\/\/rehnco.com\/sv\/personal\/","title":{"rendered":"Personal"},"content":{"rendered":"\n\n\t<section class=\"section custom-title\" id=\"section_1292099273\">\n\t\t<div class=\"section-bg fill\" >\n\t\t\t\t\t\t\t\t\t\n\t\t\t\n\n\t\t<\/div>\n\n\t\t\n\n\t\t<div class=\"section-content relative\">\n\t\t\t\n\n<div class=\"row\"  id=\"row-461970913\">\n\n\n\t<div id=\"col-1823049357\" class=\"col small-12 large-12\"  >\n\t\t\t\t<div class=\"col-inner text-center\"  >\n\t\t\t\n\t\t\t\n\n<h1>Personal<\/h1>\n\n\t\t<\/div>\n\t\t\t\t\t<\/div>\n\n\t\n\n<\/div>\n\n\t\t<\/div>\n\n\t\t\n<style>\n#section_1292099273 {\n  padding-top: 30px;\n  padding-bottom: 30px;\n}\n<\/style>\n\t<\/section>\n\t\n<span class=\"scroll-to\" data-label=\"Scroll to: #olof-rehn\" data-bullet=\"false\" data-link=\"#olof-rehn\" data-title=\"Change this\"><a name=\"olof-rehn\"><\/a><\/span>\n\n\n\t<section class=\"section\" id=\"section_2086446097\">\n\t\t<div class=\"section-bg fill\" >\n\t\t\t\t\t\t\t\t\t\n\t\t\t\n\n\t\t<\/div>\n\n\t\t\n\n\t\t<div class=\"section-content relative\">\n\t\t\t\n\n<div class=\"row user-list-item\"  id=\"row-1976780395\">\n\n\n\t<div id=\"col-2110428500\" class=\"col medium-4 small-12 large-4\"  >\n\t\t\t\t<div class=\"col-inner\"  >\n\t\t\t\n\t\t\t\n\n\t<div class=\"box has-hover   has-hover box-text-bottom\" >\n\n\t\t<div class=\"box-image\" >\n\t\t\t\t\t\t<div class=\"\" >\n\t\t\t\t<img loading=\"lazy\" decoding=\"async\" width=\"800\" height=\"598\" src=\"https:\/\/rehnco.com\/wp-content\/uploads\/2015\/10\/olof_portrait.jpg\" class=\"attachment- size-\" alt=\"\" srcset=\"https:\/\/rehnco.com\/wp-content\/uploads\/2015\/10\/olof_portrait.jpg 800w, https:\/\/rehnco.com\/wp-content\/uploads\/2015\/10\/olof_portrait-300x224.jpg 300w, https:\/\/rehnco.com\/wp-content\/uploads\/2015\/10\/olof_portrait-768x574.jpg 768w\" sizes=\"auto, (max-width: 800px) 100vw, 800px\" \/>\t\t\t\t\t\t\t\t\t\t\t<\/div>\n\t\t\t\t\t<\/div>\n\n\t\t<div class=\"box-text text-left\" >\n\t\t\t<div class=\"box-text-inner\">\n\t\t\t\t\n\n<p>+358 (0)9 6689 650<\/p>\n<p><i class=\"fa fa-envelope-o\"><\/i><a href=\"mailto:etunimi.sukunimi@rehnco.com\">fornamn.efternamn@rehnco.com<\/a><\/p>\n\n\t\t\t<\/div>\n\t\t<\/div>\n\t<\/div>\n\t\n\n\t\t<\/div>\n\t\t\t\t\t<\/div>\n\n\t\n\n\t<div id=\"col-942272514\" class=\"col medium-8 small-12 large-8\"  >\n\t\t\t\t<div class=\"col-inner\"  >\n\t\t\t\n\t\t\t\n\n<div id=\"ultimate-heading-35515ca3558cc6479\" class=\"uvc-heading ult-adjust-bottom-margin ultimate-heading-35515ca3558cc6479 uvc-5879 \" data-halign=\"left\" data-hspacer=\"no_spacer\">\n<div class=\"uvc-main-heading ult-responsive\" data-responsive-json-new=\"{&quot;font-size&quot;:&quot;desktop:36px;&quot;,&quot;line-height&quot;:&quot;&quot;}\" data-ultimate-target=\".uvc-heading.ultimate-heading-35515ca3558cc6479 h2\">\n<div id=\"ultimate-heading-31715ca43eac78776\" class=\"uvc-heading ult-adjust-bottom-margin ultimate-heading-31715ca43eac78776 uvc-1792 \" data-halign=\"left\" data-hspacer=\"no_spacer\">\n<div class=\"uvc-main-heading ult-responsive\" data-responsive-json-new=\"{&quot;font-size&quot;:&quot;desktop:36px;&quot;,&quot;line-height&quot;:&quot;&quot;}\" data-ultimate-target=\".uvc-heading.ultimate-heading-31715ca43eac78776 h2\">\n<h2>Olof Rehn<\/h2>\n<\/div>\n<div class=\"uvc-sub-heading ult-responsive\" data-responsive-json-new=\"{&quot;font-size&quot;:&quot;&quot;,&quot;line-height&quot;:&quot;&quot;}\" data-ultimate-target=\".uvc-heading.ultimate-heading-31715ca43eac78776 .uvc-sub-heading \">ADVOKAT, VICEH\u00c4RADSH\u00d6VDING, PARTNER<\/div>\n<\/div>\n<div class=\"vc_separator wpb_content_element vc_separator_align_center vc_sep_width_100 vc_sep_pos_align_center vc_separator_no_text vc_sep_color_grey\">\u00a0<\/div>\n<div class=\"wpb_text_column wpb_content_element \">\n<div class=\"wpb_wrapper\">\n<p>Jag har representerat klienter i m\u00e5nga civilprocesser och skiljef\u00f6rfaranden, fr\u00e4mst g\u00e4llande arbetsr\u00e4ttsliga, k\u00f6p- och avtalsr\u00e4ttsliga, bolagsr\u00e4ttsliga och skadest\u00e5ndsr\u00e4ttsliga \u00e4renden samt i \u00e4renden g\u00e4llande ekonomiska brott.<\/p>\n<p>Jag utf\u00f6r regelbundet boutredning- och skiftesmannauppdrag och har verkat i styrelsen f\u00f6r ett flertal aktiebolag och stiftelser samt som utredningsman, likvidator samt bof\u00f6rvaltare i aktiebolag, konkurser samt som representant f\u00f6r filialer i Finland.<\/p>\n<p>Ca h\u00e4lften av min breda praktik omfattar uppdrag av privatpersoner g\u00e4llande civilr\u00e4tt, arvs- och avvittringsfr\u00e5gor, arvs- och g\u00e5voskatteplanering, arbetsr\u00e4tt samt inkomstskatter\u00e4tt. Den andra delen omfattar f\u00f6retagsklienters bolags-, avtals-, arbets- samt skatter\u00e4ttsliga uppdrag.<\/p>\n<p>\u00a0<\/p>\n<p>Puh. (+358 9) 6689 6565<\/p>\n<p><a href=\"http:\/\/rehnco.com\/sv\/personal\/#1454497043678-91288d34-0c471454581702270\" data-vc-container=\".vc_tta-container\" data-vc-accordion=\"\"><span class=\"vc_tta-title-text\">Utbildning<\/span><\/a><\/p>\n<\/div>\n<\/div>\n<div class=\"vc_tta-container\" data-vc-action=\"collapseAll\">\n<div class=\"vc_general vc_tta vc_tta-accordion vc_tta-color-grey vc_tta-style-classic vc_tta-shape-square vc_tta-o-shape-group vc_tta-controls-align-left vc_tta-o-no-fill vc_tta-o-all-clickable\">\n<div class=\"vc_tta-panels-container\">\n<div class=\"vc_tta-panels\">\n<div id=\"1454497043678-91288d34-0c471454581702270\" class=\"vc_tta-panel\" data-vc-content=\".vc_tta-panel-body\">\n<div class=\"vc_tta-panel-body\">\n<div class=\"wpb_text_column wpb_content_element \">\n<div class=\"wpb_wrapper\">\n<p>\u2212 student fr\u00e5n Gymnasiet Grankulla Samskola 1980<br \/>\u2212 juris kandidat 1987, Helsingfors universitet<br \/>\u2212 viceh\u00e4radsh\u00f6vding 1988 \u2212 advokat 1991<\/p>\n<\/div>\n<\/div>\n<\/div>\n<\/div>\n<div id=\"1454497043734-f821cf0f-56b51454581702270\" class=\"vc_tta-panel\" data-vc-content=\".vc_tta-panel-body\">\n<div class=\"vc_tta-panel-heading\">\n<h4 class=\"vc_tta-panel-title vc_tta-controls-icon-position-left\"><a href=\"http:\/\/rehnco.com\/sv\/personal\/#1454497043734-f821cf0f-56b51454581702270\" data-vc-container=\".vc_tta-container\" data-vc-accordion=\"\"><span class=\"vc_tta-title-text\">Spr\u00e5kkunskaper<\/span><i class=\"vc_tta-controls-icon vc_tta-controls-icon-plus\"><\/i><\/a><\/h4>\n<\/div>\n<div class=\"vc_tta-panel-body\">\n<div class=\"wpb_text_column wpb_content_element \">\n<div class=\"wpb_wrapper\">\n<p>Svenska: Modersm\u00e5l<br \/>Finska: Arbetsspr\u00e5k<br \/>Engelska: Arbetsspr\u00e5k<br \/>Tyska: Hj\u00e4lpligt<\/p>\n<\/div>\n<\/div>\n<\/div>\n<\/div>\n<div id=\"1454497155260-39d129d0-e7481454581702270\" class=\"vc_tta-panel\" data-vc-content=\".vc_tta-panel-body\">\n<div class=\"vc_tta-panel-heading\">\n<h4 class=\"vc_tta-panel-title vc_tta-controls-icon-position-left\"><a href=\"http:\/\/rehnco.com\/sv\/personal\/#1454497155260-39d129d0-e7481454581702270\" data-vc-container=\".vc_tta-container\" data-vc-accordion=\"\"><span class=\"vc_tta-title-text\">Arbetserfarenhet<\/span><i class=\"vc_tta-controls-icon vc_tta-controls-icon-plus\"><\/i><\/a><\/h4>\n<\/div>\n<div class=\"vc_tta-panel-body\">\n<div class=\"wpb_text_column wpb_content_element \">\n<div class=\"wpb_wrapper\">\n<p>\u2212 domstolspraktik 1987-1988 i Pargas domsaga<br \/>\u2212 tf. tingsdomare februari \u2013 maj 1988, Pargas domsaga<br \/>\u2212 tf. h\u00e4radsh\u00f6vding mars 1988, Pargas tingsr\u00e4tt<br \/>\u2212 bitr\u00e4dande jurist vid Advokatbyr\u00e5 Peltonen, \u00d6rndahl, Ruokonen &amp; It\u00e4inen 1988-1992 samt Advokatbyr\u00e5 Bardy &amp; Bostr\u00f6m 1992-1993<br \/>\u2212 del\u00e4gare i Advokatbyr\u00e5 Olof Rehn Ab, von Konow &amp; Rehn Ab samt Reims &amp; Co Ab 1994-2002<br \/>\u2212 del\u00e4gare i Advokatbyr\u00e5 Rehn &amp; Co Ab 2002- F\u00f6rtroendeuppdrag, bla.<br \/>\u2212 Styrelsemedlem i Juristklubben Codex 1982<br \/>\u2212 Nylands nations styrelseordf\u00f6rande 1983<br \/>\u2212 Styrelsemedlem i Helsingfors Universitets studentk\u00e5r 1983<br \/>\u2212 Medlem av Esbo r\u00e4ttshj\u00e4lpsn\u00e4mnd 1985-1989<br \/>\u2212 Sekreterare f\u00f6r Juridiska f\u00f6reningen i Finland 1994-1997<br \/>\u2212 Suppleant, medlem samt viceordf\u00f6rande i Advokatf\u00f6rbundets \u00f6vervaknings\u00acn\u00e4mnd 2005-2008<br \/>\u2212 Suppleant i Advokatf\u00f6rbundets styrelse 2010-<\/p>\n<\/div>\n<\/div>\n<\/div>\n<\/div>\n<div id=\"1454497194839-446e9bad-45291454581702270\" class=\"vc_tta-panel\" data-vc-content=\".vc_tta-panel-body\">\n<div class=\"vc_tta-panel-heading\">\n<h4 class=\"vc_tta-panel-title vc_tta-controls-icon-position-left\"><a href=\"http:\/\/rehnco.com\/sv\/personal\/#1454497194839-446e9bad-45291454581702270\" data-vc-container=\".vc_tta-container\" data-vc-accordion=\"\"><span class=\"vc_tta-title-text\">Publikationer<\/span><i class=\"vc_tta-controls-icon vc_tta-controls-icon-plus\"><\/i><\/a><\/h4>\n<\/div>\n<div class=\"vc_tta-panel-body\">\n<div class=\"wpb_text_column wpb_content_element \">\n<div class=\"wpb_wrapper\">\n<p>\u2212 L\u00e4kemedelsskador och sk\u00e4liga biverkningar. JFT 6\/1987, s. 513-539<br \/>\u2212 \u00c4r skyddet f\u00f6r k\u00f6paren inom handeln med bilar p\u00e5 avbetalning reglerat p\u00e5 ett till-freds\u00acst\u00e4llande s\u00e4tt, s\u00e4rskilt i f\u00f6rh\u00e5llande till finansieringsbolaget? JFT 1\/1994, s. 68-77<\/p>\n<\/div>\n<\/div>\n<\/div>\n<\/div>\n<div id=\"1454497232939-b2b7e616-129e1454581702270\" class=\"vc_tta-panel\" data-vc-content=\".vc_tta-panel-body\">\n<div class=\"vc_tta-panel-heading\">\n<h4 class=\"vc_tta-panel-title vc_tta-controls-icon-position-left\"><a href=\"http:\/\/rehnco.com\/sv\/personal\/#1454497232939-b2b7e616-129e1454581702270\" data-vc-container=\".vc_tta-container\" data-vc-accordion=\"\"><span class=\"vc_tta-title-text\">Handb\u00f6cker<\/span><i class=\"vc_tta-controls-icon vc_tta-controls-icon-plus\"><\/i><\/a><\/h4>\n<\/div>\n<div class=\"vc_tta-panel-body\">\n<div class=\"wpb_text_column wpb_content_element \">\n<div class=\"wpb_wrapper\">\n<p>\u2212 Handbok i vardagsjuridik. Schildts 1998 (toinen painos Thomas Forssin kanssa)<br \/>\u2212 Arv, g\u00e5va och skatt. Schildts 2008 \u2212 Perint\u00f6, lahja ja verotus. Schildts 2008<\/p>\n<\/div>\n<\/div>\n<\/div>\n<\/div>\n<\/div>\n<\/div>\n<\/div>\n<\/div>\n<\/div>\n<\/div>\n\n\t\t<\/div>\n\t\t\t\t\t<\/div>\n\n\t\n\n<\/div>\n\n\t\t<\/div>\n\n\t\t\n<style>\n#section_2086446097 {\n  padding-top: 30px;\n  padding-bottom: 30px;\n}\n<\/style>\n\t<\/section>\n\t\n<span class=\"scroll-to\" data-label=\"Scroll to: #christine-kotzev\" data-bullet=\"false\" data-link=\"#christine-kotzev\" data-title=\"Change this\"><a name=\"christine-kotzev\"><\/a><\/span>\n\n<span class=\"scroll-to\" data-label=\"Scroll to: #eva-schauman\" data-bullet=\"false\" data-link=\"#eva-schauman\" data-title=\"Change this\"><a name=\"eva-schauman\"><\/a><\/span>\n\n\n\t<section class=\"section\" id=\"section_1225103488\">\n\t\t<div class=\"section-bg fill\" >\n\t\t\t\t\t\t\t\t\t\n\t\t\t\n\n\t\t<\/div>\n\n\t\t\n\n\t\t<div class=\"section-content relative\">\n\t\t\t\n\n<div class=\"row user-list-item\"  id=\"row-152890491\">\n\n\n\t<div id=\"col-106269101\" class=\"col medium-4 small-12 large-4\"  >\n\t\t\t\t<div class=\"col-inner\"  >\n\t\t\t\n\t\t\t\n\n\t<div class=\"box has-hover   has-hover box-text-bottom\" >\n\n\t\t<div class=\"box-image\" style=\"width:50%;\">\n\t\t\t\t\t\t<div class=\"\" >\n\t\t\t\t<img loading=\"lazy\" decoding=\"async\" width=\"200\" height=\"200\" src=\"https:\/\/rehnco.com\/wp-content\/uploads\/2015\/10\/avatar_female_dark_on_clear_200x200.png\" class=\"attachment- size-\" alt=\"\" srcset=\"https:\/\/rehnco.com\/wp-content\/uploads\/2015\/10\/avatar_female_dark_on_clear_200x200.png 200w, https:\/\/rehnco.com\/wp-content\/uploads\/2015\/10\/avatar_female_dark_on_clear_200x200-150x150.png 150w\" sizes=\"auto, (max-width: 200px) 100vw, 200px\" \/>\t\t\t\t\t\t\t\t\t\t\t<\/div>\n\t\t\t\t\t<\/div>\n\n\t\t<div class=\"box-text text-center\" >\n\t\t\t<div class=\"box-text-inner\">\n\t\t\t\t\n\n\n\t\t\t<\/div>\n\t\t<\/div>\n\t<\/div>\n\t\n\n\t\t<\/div>\n\t\t\t\t\t<\/div>\n\n\t\n\n\t<div id=\"col-1477484774\" class=\"col medium-8 small-12 large-8\"  >\n\t\t\t\t<div class=\"col-inner\"  >\n\t\t\t\n\t\t\t\n\n<div class=\"uvc-heading ult-adjust-bottom-margin ultimate-heading-32025ca3577b88285 uvc-227 \" id=\"ultimate-heading-32025ca3577b88285\" data-halign=\"left\" data-hspacer=\"no_spacer\">\n<div class=\"uvc-main-heading ult-responsive\" data-responsive-json-new='{\"font-size\":\"desktop:36px;\",\"line-height\":\"\"}' data-ultimate-target=\".uvc-heading.ultimate-heading-32025ca3577b88285 h2\">\n<div class=\"uvc-heading ult-adjust-bottom-margin ultimate-heading-70825ca43eac7ca90 uvc-2847 \" id=\"ultimate-heading-70825ca43eac7ca90\" data-halign=\"left\" data-hspacer=\"no_spacer\">\n<div class=\"uvc-main-heading ult-responsive\" data-responsive-json-new='{\"font-size\":\"desktop:36px;\",\"line-height\":\"\"}' data-ultimate-target=\".uvc-heading.ultimate-heading-70825ca43eac7ca90 h2\">\n<h2>Eva Schauman<\/h2>\n<\/div>\n<div class=\"uvc-sub-heading ult-responsive\" data-responsive-json-new='{\"font-size\":\"\",\"line-height\":\"\"}' data-ultimate-target=\".uvc-heading.ultimate-heading-70825ca43eac7ca90 .uvc-sub-heading \">JURIST<\/div>\n<\/div>\n<div class=\"vc_separator wpb_content_element vc_separator_align_center vc_sep_width_100 vc_sep_pos_align_center vc_separator_no_text vc_sep_color_grey\">&nbsp;<\/div>\n<div class=\"wpb_text_column wpb_content_element \">\n<div class=\"wpb_wrapper\">\n<p>Antr\u00e4ffbar enligt avtal<\/p>\n<\/div>\n<\/div>\n<\/div>\n<\/div>\n\n\t\t<\/div>\n\t\t\t\t\t<\/div>\n\n\t\n\n<\/div>\n\n\t\t<\/div>\n\n\t\t\n<style>\n#section_1225103488 {\n  padding-top: 30px;\n  padding-bottom: 30px;\n}\n<\/style>\n\t<\/section>\n\t\n<span class=\"scroll-to\" data-label=\"Scroll to: #christina-tahtinen\" data-bullet=\"false\" data-link=\"#christina-tahtinen\" data-title=\"Change this\"><a name=\"christina-tahtinen\"><\/a><\/span>\n\n\n\t<section class=\"section\" id=\"section_1140548947\">\n\t\t<div class=\"section-bg fill\" >\n\t\t\t\t\t\t\t\t\t\n\t\t\t\n\n\t\t<\/div>\n\n\t\t\n\n\t\t<div class=\"section-content relative\">\n\t\t\t\n\n<div class=\"row user-list-item\"  id=\"row-855638715\">\n\n\n\t<div id=\"col-1677210868\" class=\"col medium-4 small-12 large-4\"  >\n\t\t\t\t<div class=\"col-inner\"  >\n\t\t\t\n\t\t\t\n\n\t<div class=\"box has-hover   has-hover box-text-bottom\" >\n\n\t\t<div class=\"box-image\" >\n\t\t\t\t\t\t<div class=\"\" >\n\t\t\t\t<img loading=\"lazy\" decoding=\"async\" width=\"800\" height=\"598\" src=\"https:\/\/rehnco.com\/wp-content\/uploads\/2015\/10\/christina_portrait.jpg\" class=\"attachment- size-\" alt=\"\" srcset=\"https:\/\/rehnco.com\/wp-content\/uploads\/2015\/10\/christina_portrait.jpg 800w, https:\/\/rehnco.com\/wp-content\/uploads\/2015\/10\/christina_portrait-300x224.jpg 300w, https:\/\/rehnco.com\/wp-content\/uploads\/2015\/10\/christina_portrait-768x574.jpg 768w\" sizes=\"auto, (max-width: 800px) 100vw, 800px\" \/>\t\t\t\t\t\t\t\t\t\t\t<\/div>\n\t\t\t\t\t<\/div>\n\n\t\t<div class=\"box-text text-left\" >\n\t\t\t<div class=\"box-text-inner\">\n\t\t\t\t\n\n<p>+358 (0)9 6689 650<\/p>\n<p><i class=\"fa fa-envelope-o\"><\/i><a href=\"mailto:etunimi.sukunimi@rehnco.com\">fornamn.efternamn@rehnco.com<\/a><\/p>\n\n\t\t\t<\/div>\n\t\t<\/div>\n\t<\/div>\n\t\n\n\t\t<\/div>\n\t\t\t\t\t<\/div>\n\n\t\n\n\t<div id=\"col-38360568\" class=\"col medium-8 small-12 large-8\"  >\n\t\t\t\t<div class=\"col-inner\"  >\n\t\t\t\n\t\t\t\n\n<div class=\"uvc-heading ult-adjust-bottom-margin ultimate-heading-3465ca3577b8c4bf uvc-678 \" id=\"ultimate-heading-3465ca3577b8c4bf\" data-halign=\"left\" data-hspacer=\"no_spacer\">\n<div class=\"uvc-main-heading ult-responsive\" data-responsive-json-new='{\"font-size\":\"desktop:36px;\",\"line-height\":\"\"}' data-ultimate-target=\".uvc-heading.ultimate-heading-3465ca3577b8c4bf h2\">\n<div class=\"uvc-heading ult-adjust-bottom-margin ultimate-heading-60665ca43eac7e029 uvc-4319 \" id=\"ultimate-heading-60665ca43eac7e029\" data-halign=\"left\" data-hspacer=\"no_spacer\">\n<div class=\"uvc-main-heading ult-responsive\" data-responsive-json-new='{\"font-size\":\"desktop:36px;\",\"line-height\":\"\"}' data-ultimate-target=\".uvc-heading.ultimate-heading-60665ca43eac7e029 h2\">\n<h2>Christina T\u00e4htinen<\/h2>\n<\/div>\n<div class=\"uvc-sub-heading ult-responsive\" data-responsive-json-new='{\"font-size\":\"\",\"line-height\":\"\"}' data-ultimate-target=\".uvc-heading.ultimate-heading-60665ca43eac7e029 .uvc-sub-heading \">ASSISTENT<\/div>\n<\/div>\n<div class=\"vc_separator wpb_content_element vc_separator_align_center vc_sep_width_100 vc_sep_pos_align_center vc_separator_no_text vc_sep_color_grey\">&nbsp;<\/div>\n<div class=\"wpb_text_column wpb_content_element \">\n<div class=\"wpb_wrapper\">\n<p>Puh: +358 9 6689 6570<\/p>\n<\/div>\n<\/div>\n<\/div>\n<\/div>\n\n\t\t<\/div>\n\t\t\t\t\t<\/div>\n\n\t\n\n<\/div>\n\n\t\t<\/div>\n\n\t\t\n<style>\n#section_1140548947 {\n  padding-top: 30px;\n  padding-bottom: 30px;\n}\n<\/style>\n\t<\/section>\n\t\n\n","protected":false},"excerpt":{"rendered":"","protected":false},"author":1,"featured_media":0,"parent":0,"menu_order":0,"comment_status":"closed","ping_status":"closed","template":"page-blank.php","meta":{"footnotes":""},"class_list":["post-470","page","type-page","status-publish","hentry"],"_links":{"self":[{"href":"https:\/\/rehnco.com\/sv\/wp-json\/wp\/v2\/pages\/470","targetHints":{"allow":["GET"]}}],"collection":[{"href":"https:\/\/rehnco.com\/sv\/wp-json\/wp\/v2\/pages"}],"about":[{"href":"https:\/\/rehnco.com\/sv\/wp-json\/wp\/v2\/types\/page"}],"author":[{"embeddable":true,"href":"https:\/\/rehnco.com\/sv\/wp-json\/wp\/v2\/users\/1"}],"replies":[{"embeddable":true,"href":"https:\/\/rehnco.com\/sv\/wp-json\/wp\/v2\/comments?post=470"}],"version-history":[{"count":42,"href":"https:\/\/rehnco.com\/sv\/wp-json\/wp\/v2\/pages\/470\/revisions"}],"predecessor-version":[{"id":990,"href":"https:\/\/rehnco.com\/sv\/wp-json\/wp\/v2\/pages\/470\/revisions\/990"}],"wp:attachment":[{"href":"https:\/\/rehnco.com\/sv\/wp-json\/wp\/v2\/media?parent=470"}],"curies":[{"name":"wp","href":"https:\/\/api.w.org\/{rel}","templated":true}]}}